{"id":238,"date":"2021-02-02T19:35:56","date_gmt":"2021-02-02T18:35:56","guid":{"rendered":"https:\/\/artebio.de\/?page_id=238"},"modified":"2021-05-11T00:10:04","modified_gmt":"2021-05-10T22:10:04","slug":"coaching-fuer-teams","status":"publish","type":"page","link":"https:\/\/artebio.de\/en\/coaching-fuer-teams\/","title":{"rendered":"Coaching for teams"},"content":{"rendered":"<p>[et_pb_section fb_built=&#8220;1&#8243; fullwidth=&#8220;on&#8220; _builder_version=&#8220;4.8.1&#8243; _module_preset=&#8220;default&#8220;][et_pb_fullwidth_image src=&#8220;https:\/\/artebio.de\/wp-content\/uploads\/2021\/02\/header_rotes_tor.jpg&#8220; title_text=&#8220;header_rotes_tor&#8220; _builder_version=&#8220;4.8.2&#8243; _module_preset=&#8220;default&#8220;][\/et_pb_fullwidth_image][\/et_pb_section][et_pb_section fb_built=&#8220;1&#8243; _builder_version=&#8220;4.8.1&#8243; _module_preset=&#8220;default&#8220; custom_padding=&#8220;||20px||false|false&#8220;][et_pb_row _builder_version=&#8220;4.8.2&#8243; _module_preset=&#8220;default&#8220; custom_padding=&#8220;|0px|0px|0px|false|false&#8220;][et_pb_column type=&#8220;4_4&#8243; _builder_version=&#8220;4.8.2&#8243; _module_preset=&#8220;default&#8220;][et_pb_text _builder_version=&#8220;4.9.4&#8243; _module_preset=&#8220;default&#8220; hover_enabled=&#8220;0&#8243; sticky_enabled=&#8220;0&#8243;]<\/p>\n<h1>Coaching f\u00fcr Teams<\/h1>\n<p>[\/et_pb_text][\/et_pb_column][\/et_pb_row][et_pb_row column_structure=&#8220;3_4,1_4&#8243; _builder_version=&#8220;4.8.2&#8243; _module_preset=&#8220;default&#8220;][et_pb_column type=&#8220;3_4&#8243; _builder_version=&#8220;4.8.2&#8243; _module_preset=&#8220;default&#8220;][et_pb_text admin_label=&#8220;Text&#8220; _builder_version=&#8220;4.9.4&#8243; _module_preset=&#8220;default&#8220; custom_margin=&#8220;||20px||false|false&#8220; hover_enabled=&#8220;0&#8243; sticky_enabled=&#8220;0&#8243;]<\/p>\n<p>Gruppen-Coaching kann zu neuer Motivation und guten Ideen f\u00fchren, sowie zu einer besseren Zusammenarbeit im Team. Das funktioniert auch abteilungs\u00fcbergreifend. In der inhaltlichen und zeitlichen Ausrichtung unterscheidet sich Coaching f\u00fcr Einzelpersonen oder Gruppen nicht unbedingt.<\/p>\n<p>Oft wird die Umsetzung neuer Strategien und Erreichung der Ziele und auch die Arbeitsorganisation deutlich verbessert, wenn das ganze Team an den Fragen und Ideen gearbeitet hat. Die vorhandene Gruppenintelligenz wird gef\u00f6rdert.<\/p>\n<p>Jedes Individuum ist wichtig f\u00fcr das gute Funktionieren des Unternehmens als Ganzes!<\/p>\n<p>Bei erfolgreichem Coaching f\u00fchrt die investierte Zeit zu mehr Zufriedenheit im Team und gr\u00f6\u00dferer Identifikation mit dem Unternehmen. Dies ist gerade in schwierigen Situationen sehr wichtig!<\/p>\n<p>&nbsp;<\/p>\n<p>[\/et_pb_text][\/et_pb_column][et_pb_column type=&#8220;1_4&#8243; _builder_version=&#8220;4.8.2&#8243; _module_preset=&#8220;default&#8220;][\/et_pb_column][\/et_pb_row][\/et_pb_section]<\/p>\n","protected":false},"excerpt":{"rendered":"<p>Coaching f\u00fcr TeamsGruppen-Coaching kann zu neuer Motivation und guten Ideen f\u00fchren, sowie zu einer besseren Zusammenarbeit im Team. Das funktioniert auch abteilungs\u00fcbergreifend. In der inhaltlichen und zeitlichen Ausrichtung unterscheidet sich Coaching f\u00fcr Einzelpersonen oder Gruppen nicht unbedingt. Oft wird die Umsetzung neuer Strategien und Erreichung der Ziele und auch die Arbeitsorganisation deutlich verbessert, wenn das [&hellip;]<\/p>\n","protected":false},"author":1,"featured_media":0,"parent":0,"menu_order":0,"comment_status":"closed","ping_status":"closed","template":"","meta":{"_et_pb_use_builder":"on","_et_pb_old_content":"","_et_gb_content_width":"","footnotes":""},"class_list":["post-238","page","type-page","status-publish","hentry"],"_links":{"self":[{"href":"https:\/\/artebio.de\/en\/wp-json\/wp\/v2\/pages\/238","targetHints":{"allow":["GET"]}}],"collection":[{"href":"https:\/\/artebio.de\/en\/wp-json\/wp\/v2\/pages"}],"about":[{"href":"https:\/\/artebio.de\/en\/wp-json\/wp\/v2\/types\/page"}],"author":[{"embeddable":true,"href":"https:\/\/artebio.de\/en\/wp-json\/wp\/v2\/users\/1"}],"replies":[{"embeddable":true,"href":"https:\/\/artebio.de\/en\/wp-json\/wp\/v2\/comments?post=238"}],"version-history":[{"count":3,"href":"https:\/\/artebio.de\/en\/wp-json\/wp\/v2\/pages\/238\/revisions"}],"predecessor-version":[{"id":576,"href":"https:\/\/artebio.de\/en\/wp-json\/wp\/v2\/pages\/238\/revisions\/576"}],"wp:attachment":[{"href":"https:\/\/artebio.de\/en\/wp-json\/wp\/v2\/media?parent=238"}],"curies":[{"name":"wp","href":"https:\/\/api.w.org\/{rel}","templated":true}]}}