{"id":239,"date":"2021-02-02T19:35:56","date_gmt":"2021-02-02T18:35:56","guid":{"rendered":"https:\/\/artebio.de\/?page_id=239"},"modified":"2021-05-11T00:08:05","modified_gmt":"2021-05-10T22:08:05","slug":"begleitung-fuer-fuehrungskraefte","status":"publish","type":"page","link":"https:\/\/artebio.de\/es\/begleitung-fuer-fuehrungskraefte\/","title":{"rendered":"Begleitung f\u00fcr F\u00fchrungskr\u00e4fte"},"content":{"rendered":"<p>[et_pb_section fb_built=&#8220;1&#8243; fullwidth=&#8220;on&#8220; _builder_version=&#8220;4.8.1&#8243; _module_preset=&#8220;default&#8220;][et_pb_fullwidth_image src=&#8220;https:\/\/artebio.de\/wp-content\/uploads\/2021\/02\/header_rotes_tor.jpg&#8220; title_text=&#8220;header_rotes_tor&#8220; _builder_version=&#8220;4.8.2&#8243; _module_preset=&#8220;default&#8220;][\/et_pb_fullwidth_image][\/et_pb_section][et_pb_section fb_built=&#8220;1&#8243; _builder_version=&#8220;4.8.1&#8243; _module_preset=&#8220;default&#8220; custom_padding=&#8220;||20px||false|false&#8220;][et_pb_row _builder_version=&#8220;4.8.2&#8243; _module_preset=&#8220;default&#8220; custom_padding=&#8220;|0px|0px|0px|false|false&#8220;][et_pb_column type=&#8220;4_4&#8243; _builder_version=&#8220;4.8.2&#8243; _module_preset=&#8220;default&#8220;][et_pb_text _builder_version=&#8220;4.9.4&#8243; _module_preset=&#8220;default&#8220; hover_enabled=&#8220;0&#8243; sticky_enabled=&#8220;0&#8243;]<\/p>\n<h1>Einzel-Coaching<\/h1>\n<p>[\/et_pb_text][\/et_pb_column][\/et_pb_row][et_pb_row column_structure=&#8220;3_4,1_4&#8243; _builder_version=&#8220;4.8.2&#8243; _module_preset=&#8220;default&#8220;][et_pb_column type=&#8220;3_4&#8243; _builder_version=&#8220;4.8.2&#8243; _module_preset=&#8220;default&#8220;][et_pb_text admin_label=&#8220;Text&#8220; _builder_version=&#8220;4.9.4&#8243; _module_preset=&#8220;default&#8220; custom_margin=&#8220;||20px||false|false&#8220;]<\/p>\n<p>Auf Basis meiner Ausbildungen und meiner Coaching-, Moderations- und Beratungserfahrung biete ich individuelles Coaching f\u00fcr spezifische Fragestellungen an. Ebenso Coaching zu allgemeinen Themen, die sowohl die pers\u00f6nliche Entwicklung als auch Unternehmens- oder F\u00fchrungsaufgaben betreffen.<\/p>\n<p>Wollen Sie zu bestimmten Unternehmens- und Marktthemen, oder einer konkreten Fragestellung arbeiten?<\/p>\n<p>Wollen Sie \u00fcberpr\u00fcfen, ob eine gefundene L\u00f6sung zu einem komplexen Thema die im Ganzen passende ist?<\/p>\n<p>W\u00fcrde Sie eine methodische Begleitung im Rahmen Ihrer F\u00fchrungsposition weiterbringen? Haben Sie pers\u00f6nliche Fragen, die sich auf Ihr Unternehmen auswirken?<\/p>\n<p>Wenn Sie eine dieser Fragen mit einem vielleicht oder gar ja beantwortet haben:<br \/><strong>Z\u00f6gern Sie nicht, mich zu kontaktieren, um zu besprechen, wie ich Sie unterst\u00fctzen kann! Coaching-Methoden k\u00f6nnen f\u00fcr jede m\u00f6gliche Situation eingesetzt werden!<\/strong><\/p>\n<p>Manchmal kann schon eine einzige Coaching-Sitzung den entscheidenden Hinweis geben.<br \/>Auch ein l\u00e4ngerfristiges oder regelm\u00e4\u00dfiges Coaching rund um Herausforderungen in einer F\u00fchrungsposition oder bei Transformationsprozessen kann eine gro\u00dfe Unterst\u00fctzung sein!<\/p>\n<p><strong>All dies biete ich auch virtuell an &#8211; ich bin sehr ge\u00fcbt in Coaching &amp; Beratung per Video-Technik!<\/strong><\/p>\n<p>[\/et_pb_text][\/et_pb_column][et_pb_column type=&#8220;1_4&#8243; _builder_version=&#8220;4.8.2&#8243; _module_preset=&#8220;default&#8220;][\/et_pb_column][\/et_pb_row][\/et_pb_section]<\/p>\n","protected":false},"excerpt":{"rendered":"<p>Einzel-CoachingAuf Basis meiner Ausbildungen und meiner Coaching-, Moderations- und Beratungserfahrung biete ich individuelles Coaching f\u00fcr spezifische Fragestellungen an. Ebenso Coaching zu allgemeinen Themen, die sowohl die pers\u00f6nliche Entwicklung als auch Unternehmens- oder F\u00fchrungsaufgaben betreffen. Wollen Sie zu bestimmten Unternehmens- und Marktthemen, oder einer konkreten Fragestellung arbeiten? Wollen Sie \u00fcberpr\u00fcfen, ob eine gefundene L\u00f6sung zu einem [&hellip;]<\/p>\n","protected":false},"author":1,"featured_media":0,"parent":0,"menu_order":0,"comment_status":"closed","ping_status":"closed","template":"","meta":{"_et_pb_use_builder":"on","_et_pb_old_content":"","_et_gb_content_width":"","footnotes":""},"class_list":["post-239","page","type-page","status-publish","hentry"],"_links":{"self":[{"href":"https:\/\/artebio.de\/es\/wp-json\/wp\/v2\/pages\/239","targetHints":{"allow":["GET"]}}],"collection":[{"href":"https:\/\/artebio.de\/es\/wp-json\/wp\/v2\/pages"}],"about":[{"href":"https:\/\/artebio.de\/es\/wp-json\/wp\/v2\/types\/page"}],"author":[{"embeddable":true,"href":"https:\/\/artebio.de\/es\/wp-json\/wp\/v2\/users\/1"}],"replies":[{"embeddable":true,"href":"https:\/\/artebio.de\/es\/wp-json\/wp\/v2\/comments?post=239"}],"version-history":[{"count":4,"href":"https:\/\/artebio.de\/es\/wp-json\/wp\/v2\/pages\/239\/revisions"}],"predecessor-version":[{"id":573,"href":"https:\/\/artebio.de\/es\/wp-json\/wp\/v2\/pages\/239\/revisions\/573"}],"wp:attachment":[{"href":"https:\/\/artebio.de\/es\/wp-json\/wp\/v2\/media?parent=239"}],"curies":[{"name":"wp","href":"https:\/\/api.w.org\/{rel}","templated":true}]}}