{"id":43,"date":"2021-01-26T22:03:57","date_gmt":"2021-01-26T22:03:57","guid":{"rendered":"https:\/\/artebio.de\/?page_id=43"},"modified":"2021-02-02T22:31:10","modified_gmt":"2021-02-02T21:31:10","slug":"datenschutz","status":"publish","type":"page","link":"https:\/\/artebio.de\/es\/datenschutz\/","title":{"rendered":"Datenschutz"},"content":{"rendered":"<p>[et_pb_section fb_built=&#8220;1&#8243; fullwidth=&#8220;on&#8220; _builder_version=&#8220;4.8.2&#8243; _module_preset=&#8220;default&#8220;][et_pb_fullwidth_image src=&#8220;https:\/\/artebio.de\/wp-content\/uploads\/2021\/01\/grain-4858574-scaled-e1611700046279.jpg&#8220; title_text=&#8220;grain-4858574&#8243; _builder_version=&#8220;4.8.2&#8243; _module_preset=&#8220;default&#8220;][\/et_pb_fullwidth_image][\/et_pb_section][et_pb_section fb_built=&#8220;1&#8243; _builder_version=&#8220;4.8.2&#8243; _module_preset=&#8220;default&#8220;][et_pb_row _builder_version=&#8220;4.8.2&#8243; _module_preset=&#8220;default&#8220;][et_pb_column type=&#8220;4_4&#8243; _builder_version=&#8220;4.8.2&#8243; _module_preset=&#8220;default&#8220;][et_pb_text _builder_version=&#8220;4.8.2&#8243; _module_preset=&#8220;default&#8220; hover_enabled=&#8220;0&#8243; sticky_enabled=&#8220;0&#8243;]<\/p>\n<h1>Datenschutzerkl\u00e4rung<\/h1>\n<h2>1. Datenschutz auf einen Blick<\/h2>\n<p><strong>Allgemeine Hinweise<\/strong><br \/>Die folgenden Hinweise geben einen einfachen \u00dcberblick dar\u00fcber, was mit Ihren personenbezogenen Daten<br \/>passiert, wenn Sie diese Website besuchen. Personenbezogene Daten sind alle Daten, mit denen Sie<br \/>pers\u00f6nlich identifiziert werden k\u00f6nnen. Ausf\u00fchrliche Informationen zum Thema Datenschutz entnehmen<br \/>Sie unserer unter diesem Text aufgef\u00fchrten Datenschutzerkl\u00e4rung.<br \/>Datenerfassung auf dieser Website<\/p>\n<p><strong>Wer ist verantwortlich f\u00fcr die Datenerfassung auf dieser Website?<\/strong><br \/>Die Datenverarbeitung auf dieser Website erfolgt durch den Websitebetreiber. Dessen Kontaktdaten<br \/>k\u00f6nnen Sie dem Abschnitt \u201eHinweis zur Verantwortlichen Stelle\u201c in dieser Datenschutzerkl\u00e4rung<br \/>entnehmen.<\/p>\n<p><strong>Wie erfassen wir Ihre Daten?<\/strong><br \/>Ihre Daten werden zum einen dadurch erhoben, dass Sie uns diese mitteilen. Hierbei kann es sich z. B. um<br \/>Daten handeln, die Sie in ein Kontaktformular eingeben.<br \/>Andere Daten werden automatisch oder nach Ihrer Einwilligung beim Besuch der Website durch unsere IT-<br \/>Systeme erfasst. Das sind vor allem technische Daten (z. B. Internetbrowser, Betriebssystem oder Uhrzeit<br \/>des Seitenaufrufs). Die Erfassung dieser Daten erfolgt automatisch, sobald Sie diese Website betreten.<\/p>\n<p><strong>Wof\u00fcr nutzen wir Ihre Daten?<\/strong><br \/>Ein Teil der Daten wird erhoben, um eine fehlerfreie Bereitstellung der Website zu gew\u00e4hrleisten. Andere<br \/>Daten k\u00f6nnen zur Analyse Ihres Nutzerverhaltens verwendet werden.<\/p>\n<p><strong>Welche Rechte haben Sie bez\u00fcglich Ihrer Daten?<\/strong><br \/>Sie haben jederzeit das Recht, unentgeltlich Auskunft \u00fcber Herkunft, Empf\u00e4nger und Zweck Ihrer<br \/>gespeicherten personenbezogenen Daten zu erhalten. Sie haben au\u00dferdem ein Recht, die Berichtigung oder<br \/>L\u00f6schung dieser Daten zu verlangen. Wenn Sie eine Einwilligung zur Datenverarbeitung erteilt haben,<br \/>k\u00f6nnen Sie diese Einwilligung jederzeit f\u00fcr die Zukunft widerrufen. Au\u00dferdem haben Sie das Recht, unter<br \/>bestimmten Umst\u00e4nden die Einschr\u00e4nkung der Verarbeitung Ihrer personenbezogenen Daten zu verlangen.<br \/>Des Weiteren steht Ihnen ein Beschwerderecht bei der zust\u00e4ndigen Aufsichtsbeh\u00f6rde zu.<br \/>Hierzu sowie zu weiteren Fragen zum Thema Datenschutz k\u00f6nnen Sie sich jederzeit an uns wenden.<\/p>\n<h2>2. Allgemeine Hinweise und Pflichtinformationen<\/h2>\n<p><strong>Datenschutz<\/strong><br \/>Die Betreiber dieser Seiten nehmen den Schutz Ihrer pers\u00f6nlichen Daten sehr ernst. Wir behandeln Ihre<br \/>personenbezogenen Daten vertraulich und entsprechend der gesetzlichen Datenschutzvorschriften sowie<br \/>dieser Datenschutzerkl\u00e4rung.<br \/>Wenn Sie diese Website benutzen, werden verschiedene personenbezogene Daten erhoben.<br \/>Personenbezogene Daten sind Daten, mit denen Sie pers\u00f6nlich identifiziert werden k\u00f6nnen. Die vorliegende<br \/>Datenschutzerkl\u00e4rung erl\u00e4utert, welche Daten wir erheben und wof\u00fcr wir sie nutzen. Sie erl\u00e4utert auch, wie<br \/>und zu welchem Zweck das geschieht.<br \/>Wir weisen darauf hin, dass die Daten\u00fcbertragung im Internet (z. B. bei der Kommunikation per E-Mail)<br \/>Sicherheitsl\u00fccken aufweisen kann. Ein l\u00fcckenloser Schutz der Daten vor dem Zugriff durch Dritte ist nicht<br \/>m\u00f6glich.<\/p>\n<p><strong>Hinweis zur verantwortlichen Stelle<\/strong><br \/>Die verantwortliche Stelle f\u00fcr die Datenverarbeitung auf dieser Website ist:<\/p>\n<p>Alexandra Th\u00f6ring &#8211; artebio<br \/>Kolberger Stra\u00dfe 7<br \/>21339 L\u00fcneburg<br \/>E-Mail: info@artebio.de<\/p>\n<p>Verantwortliche Stelle ist die nat\u00fcrliche oder juristische Person, die allein oder gemeinsam mit anderen \u00fcber<br \/>die Zwecke und Mittel der Verarbeitung von personenbezogenen Daten (z. B. Namen, E-Mail-Adressen o. \u00c4.)<br \/>entscheidet.<\/p>\n<p><strong>Speicherdauer<\/strong><br \/>Soweit innerhalb dieser Datenschutzerkl\u00e4rung keine speziellere Speicherdauer genannt wurde, verbleiben<br \/>Ihre personenbezogenen Daten bei uns, bis der Zweck f\u00fcr die Datenverarbeitung entf\u00e4llt. Wenn Sie ein<br \/>berechtigtes L\u00f6schersuchen geltend machen oder eine Einwilligung zur Datenverarbeitung widerrufen,<br \/>werden Ihre Daten gel\u00f6scht, sofern wir keine anderen rechtlich zul\u00e4ssigen Gr\u00fcnde f\u00fcr die Speicherung Ihrer<br \/>personenbezogenen Daten haben (z.B. steuer- oder handelsrechtliche Aufbewahrungsfristen); im<br \/>letztgenannten Fall erfolgt die L\u00f6schung nach Fortfall dieser Gr\u00fcnde.<\/p>\n<p><strong>Hinweis zur Datenweitergabe in die USA<\/strong><br \/>Auf unserer Website sind unter anderem Tools von Unternehmen mit Sitz in den USA eingebunden. Wenn<br \/>diese Tools aktiv sind, k\u00f6nnen Ihre personenbezogenen Daten an die US-Server der jeweiligen Unternehmen<br \/>weitergegeben werden. Wir weisen darauf hin, dass die USA kein sicherer Drittstaat im Sinne des EU-<br \/>Datenschutzrechts sind. US-Unternehmen sind dazu verpflichtet, personenbezogene Daten an<br \/>Sicherheitsbeh\u00f6rden herauszugeben, ohne dass Sie als Betroffener hiergegen gerichtlich vorgehen k\u00f6nnten.<br \/>Es kann daher nicht ausgeschlossen werden, dass US-Beh\u00f6rden (z.B. Geheimdienste) Ihre auf US-Servern<br \/>befindlichen Daten zu \u00dcberwachungszwecken verarbeiten, auswerten und dauerhaft speichern. Wir haben<br \/>auf diese Verarbeitungst\u00e4tigkeiten keinen Einfluss.<\/p>\n<p><strong>Widerruf Ihrer Einwilligung zur Datenverarbeitung<\/strong><br \/>Viele Datenverarbeitungsvorg\u00e4nge sind nur mit Ihrer ausdr\u00fccklichen Einwilligung m\u00f6glich. Sie k\u00f6nnen eine<br \/>bereits erteilte Einwilligung jederzeit widerrufen. Die Rechtm\u00e4\u00dfigkeit der bis zum Widerruf erfolgten<br \/>Datenverarbeitung bleibt vom Widerruf unber\u00fchrt.<\/p>\n<p><strong>Widerspruchsrecht gegen die Datenerhebung in besonderen F\u00e4llen sowie gegen<\/strong><br \/><strong>Direktwerbung (Art. 21 DSGVO)<\/strong><br \/>WENN DIE DATENVERARBEITUNG AUF GRUNDLAGE VON ART. 6 ABS. 1 LIT. E ODER F DSGVO<br \/>ERFOLGT, HABEN SIE JEDERZEIT DAS RECHT, AUS GR\u00dcNDEN, DIE SICH AUS IHRER BESONDEREN<br \/>SITUATION ERGEBEN, GEGEN DIE VERARBEITUNG IHRER PERSONENBEZOGENEN DATEN<br \/>WIDERSPRUCH EINZULEGEN; DIES GILT AUCH F\u00dcR EIN AUF DIESE BESTIMMUNGEN GEST\u00dcTZTES<br \/>PROFILING. DIE JEWEILIGE RECHTSGRUNDLAGE, AUF DENEN EINE VERARBEITUNG BERUHT,<br \/>ENTNEHMEN SIE DIESER DATENSCHUTZERKL\u00c4RUNG. WENN SIE WIDERSPRUCH EINLEGEN,<br \/>WERDEN WIR IHRE BETROFFENEN PERSONENBEZOGENEN DATEN NICHT MEHR VERARBEITEN, ES<br \/>SEI DENN, WIR K\u00d6NNEN ZWINGENDE SCHUTZW\u00dcRDIGE GR\u00dcNDE F\u00dcR DIE VERARBEITUNG<br \/>NACHWEISEN, DIE IHRE INTERESSEN, RECHTE UND FREIHEITEN \u00dcBERWIEGEN ODER DIE<br \/>VERARBEITUNG DIENT DER GELTENDMACHUNG, AUS\u00dcBUNG ODER VERTEIDIGUNG VON<br \/>RECHTSANSPR\u00dcCHEN (WIDERSPRUCH NACH ART. 21 ABS. 1 DSGVO).<\/p>\n<p>WERDEN IHRE PERSONENBEZOGENEN DATEN VERARBEITET, UM DIREKTWERBUNG ZU BETREIBEN,<br \/>SO HABEN SIE DAS RECHT, JEDERZEIT WIDERSPRUCH GEGEN DIE VERARBEITUNG SIE<br \/>BETREFFENDER PERSONENBEZOGENER DATEN ZUM ZWECKE DERARTIGER WERBUNG<br \/>EINZULEGEN; DIES GILT AUCH F\u00dcR DAS PROFILING, SOWEIT ES MIT SOLCHER DIREKTWERBUNG IN<br \/>VERBINDUNG STEHT. WENN SIE WIDERSPRECHEN, WERDEN IHRE PERSONENBEZOGENEN DATEN<br \/>ANSCHLIESSEND NICHT MEHR ZUM ZWECKE DER DIREKTWERBUNG VERWENDET (WIDERSPRUCH<br \/>NACH ART. 21 ABS. 2 DSGVO).<\/p>\n<p><strong>Beschwerderecht bei der zust\u00e4ndigen Aufsichtsbeh\u00f6rde<\/strong><br \/>Im Falle von Verst\u00f6\u00dfen gegen die DSGVO steht den Betroffenen ein Beschwerderecht bei einer<br \/>Aufsichtsbeh\u00f6rde, insbesondere in dem Mitgliedstaat ihres gew\u00f6hnlichen Aufenthalts, ihres Arbeitsplatzes<br \/>oder des Orts des mutma\u00dflichen Versto\u00dfes zu. Das Beschwerderecht besteht unbeschadet anderweitiger<br \/>verwaltungsrechtlicher oder gerichtlicher Rechtsbehelfe.<\/p>\n<p><strong>Recht auf Daten\u00fcbertragbarkeit<\/strong><br \/>Sie haben das Recht, Daten, die wir auf Grundlage Ihrer Einwilligung oder in Erf\u00fcllung eines Vertrags<br \/>automatisiert verarbeiten, an sich oder an einen Dritten in einem g\u00e4ngigen, maschinenlesbaren Format<br \/>aush\u00e4ndigen zu lassen. Sofern Sie die direkte \u00dcbertragung der Daten an einen anderen Verantwortlichen<br \/>verlangen, erfolgt dies nur, soweit es technisch machbar ist.<\/p>\n<p><strong>SSL- bzw. TLS-Verschl\u00fcsselung<\/strong><br \/>Diese Seite nutzt aus Sicherheitsgr\u00fcnden und zum Schutz der \u00dcbertragung vertraulicher Inhalte, wie zum<br \/>Beispiel Bestellungen oder Anfragen, die Sie an uns als Seitenbetreiber senden, eine SSL- bzw. TLS-<br \/>Verschl\u00fcsselung. Eine verschl\u00fcsselte Verbindung erkennen Sie daran, dass die Adresszeile des Browsers von<br \/>\u201ehttp:\/\/\u201c auf \u201ehttps:\/\/\u201c wechselt und an dem Schloss-Symbol in Ihrer Browserzeile.<\/p>\n<p>Wenn die SSL- bzw. TLS-Verschl\u00fcsselung aktiviert ist, k\u00f6nnen die Daten, die Sie an uns \u00fcbermitteln, nicht<br \/>von Dritten mitgelesen werden.<\/p>\n<p><strong>Auskunft, L\u00f6schung und Berichtigung<\/strong><br \/>Sie haben im Rahmen der geltenden gesetzlichen Bestimmungen jederzeit das Recht auf unentgeltliche<br \/>Auskunft \u00fcber Ihre gespeicherten personenbezogenen Daten, deren Herkunft und Empf\u00e4nger und den<br \/>Zweck der Datenverarbeitung und ggf. ein Recht auf Berichtigung oder L\u00f6schung dieser Daten. Hierzu sowie<br \/>zu weiteren Fragen zum Thema personenbezogene Daten k\u00f6nnen Sie sich jederzeit an uns wenden.<\/p>\n<p><strong>Recht auf Einschr\u00e4nkung der Verarbeitung<\/strong><br \/>Sie haben das Recht, die Einschr\u00e4nkung der Verarbeitung Ihrer personenbezogenen Daten zu verlangen.<br \/>Hierzu k\u00f6nnen Sie sich jederzeit an uns wenden. Das Recht auf Einschr\u00e4nkung der Verarbeitung besteht in<br \/>folgenden F\u00e4llen:<\/p>\n<ul>\n<li>Wenn Sie die Richtigkeit Ihrer bei uns gespeicherten personenbezogenen Daten bestreiten, ben\u00f6tigen wir<br \/>in der Regel Zeit, um dies zu \u00fcberpr\u00fcfen. F\u00fcr die Dauer der Pr\u00fcfung haben Sie das Recht, die<br \/>Einschr\u00e4nkung der Verarbeitung Ihrer personenbezogenen Daten zu verlangen.<\/p>\n<\/li>\n<li>Wenn die Verarbeitung Ihrer personenbezogenen Daten unrechtm\u00e4\u00dfig geschah\/geschieht, k\u00f6nnen Sie<br \/>statt der L\u00f6schung die Einschr\u00e4nkung der Datenverarbeitung verlangen.\n<\/li>\n<li>Wenn wir Ihre personenbezogenen Daten nicht mehr ben\u00f6tigen, Sie sie jedoch zur Aus\u00fcbung,<br \/>Verteidigung oder Geltendmachung von Rechtsanspr\u00fcchen ben\u00f6tigen, haben Sie das Recht, statt der<br \/>L\u00f6schung die Einschr\u00e4nkung der Verarbeitung Ihrer personenbezogenen Daten zu verlangen.\n<\/li>\n<li>Wenn Sie einen Widerspruch nach Art. 21 Abs. 1 DSGVO eingelegt haben, muss eine Abw\u00e4gung zwischen<br \/>Ihren und unseren Interessen vorgenommen werden. Solange noch nicht feststeht, wessen Interessen<br \/>\u00fcberwiegen, haben Sie das Recht, die Einschr\u00e4nkung der Verarbeitung Ihrer personenbezogenen Daten<br \/>zu verlangen.<\/li>\n<\/ul>\n<p>Wenn Sie die Verarbeitung Ihrer personenbezogenen Daten eingeschr\u00e4nkt haben, d\u00fcrfen diese Daten \u2013 von<br \/>ihrer Speicherung abgesehen \u2013 nur mit Ihrer Einwilligung oder zur Geltendmachung, Aus\u00fcbung oder<br \/>Verteidigung von Rechtsanspr\u00fcchen oder zum Schutz der Rechte einer anderen nat\u00fcrlichen oder<br \/>juristischen Person oder aus Gr\u00fcnden eines wichtigen \u00f6ffentlichen Interesses der Europ\u00e4ischen Union oder<br \/>eines Mitgliedstaats verarbeitet werden.<\/p>\n<p><strong>Widerspruch gegen Werbe-E-Mails<\/strong><br \/>Der Nutzung von im Rahmen der Impressumspflicht ver\u00f6ffentlichten Kontaktdaten zur \u00dcbersendung von<br \/>nicht ausdr\u00fccklich angeforderter Werbung und Informationsmaterialien wird hiermit widersprochen. Die<br \/>Betreiber der Seiten behalten sich ausdr\u00fccklich rechtliche Schritte im Falle der unverlangten Zusendung von<br \/>Werbeinformationen, etwa durch Spam-E-Mails, vor.<\/p>\n<h2>3. Datenerfassung auf dieser Website<\/h2>\n<p><strong>Cookies<\/strong><br \/>Unsere Internetseiten verwenden so genannte \u201eCookies\u201c. Cookies sind kleine Textdateien und richten auf<br \/>Ihrem Endger\u00e4t keinen Schaden an. Sie werden entweder vor\u00fcbergehend f\u00fcr die Dauer einer Sitzung<br \/>(Session-Cookies) oder dauerhaft (permanente Cookies) auf Ihrem Endger\u00e4t gespeichert. Session-Cookies<br \/>werden nach Ende Ihres Besuchs automatisch gel\u00f6scht. Permanente Cookies bleiben auf Ihrem Endger\u00e4t<br \/>gespeichert, bis Sie diese selbst l\u00f6schen oder eine automatische L\u00f6schung durch Ihren Webbrowser erfolgt.<\/p>\n<p>Teilweise k\u00f6nnen auch Cookies von Drittunternehmen auf Ihrem Endger\u00e4t gespeichert werden, wenn Sie<br \/>unsere Seite betreten (Third-Party-Cookies). Diese erm\u00f6glichen uns oder Ihnen die Nutzung bestimmter<br \/>Dienstleistungen des Drittunternehmens (z.B. Cookies zur Abwicklung von Zahlungsdienstleistungen).<\/p>\n<p>Cookies haben verschiedene Funktionen. Zahlreiche Cookies sind technisch notwendig, da bestimmte<br \/>Websitefunktionen ohne diese nicht funktionieren w\u00fcrden (z.B. die Warenkorbfunktion oder die Anzeige<br \/>von Videos). Andere Cookies dienen dazu, das Nutzerverhalten auszuwerten oder Werbung anzuzeigen.<\/p>\n<p>Cookies, die zur Durchf\u00fchrung des elektronischen Kommunikationsvorgangs (notwendige Cookies) oder zur<br \/>Bereitstellung bestimmter, von Ihnen erw\u00fcnschter Funktionen (funktionale Cookies, z. B. f\u00fcr die<br \/>Warenkorbfunktion) oder zur Optimierung der Website (z.B. Cookies zur Messung des Webpublikums)<br \/>erforderlich sind, werden auf Grundlage von Art. 6 Abs. 1 lit. f DSGVO gespeichert, sofern keine andere<br \/>Rechtsgrundlage angegeben wird. Der Websitebetreiber hat ein berechtigtes Interesse an der Speicherung<br \/>von Cookies zur technisch fehlerfreien und optimierten Bereitstellung seiner Dienste. Sofern eine<br \/>Einwilligung zur Speicherung von Cookies abgefragt wurde, erfolgt die Speicherung der betreffenden<br \/>Cookies ausschlie\u00dflich auf Grundlage dieser Einwilligung (Art. 6 Abs. 1 lit. a DSGVO); die Einwilligung ist<br \/>jederzeit widerrufbar.<\/p>\n<p>Sie k\u00f6nnen Ihren Browser so einstellen, dass Sie \u00fcber das Setzen von Cookies informiert werden und<br \/>Cookies nur im Einzelfall erlauben, die Annahme von Cookies f\u00fcr bestimmte F\u00e4lle oder generell ausschlie\u00dfen<br \/>sowie das automatische L\u00f6schen der Cookies beim Schlie\u00dfen des Browsers aktivieren. Bei der<br \/>Deaktivierung von Cookies kann die Funktionalit\u00e4t dieser Website eingeschr\u00e4nkt sein.<\/p>\n<p>Soweit Cookies von Drittunternehmen oder zu Analysezwecken eingesetzt werden, werden wir Sie hier\u00fcber<br \/>im Rahmen dieser Datenschutzerkl\u00e4rung gesondert informieren und ggf. eine Einwilligung abfragen.<\/p>\n<p><strong>Kontaktformular<\/strong><br \/>Wenn Sie uns per Kontaktformular Anfragen zukommen lassen, werden Ihre Angaben aus dem<br \/>Anfrageformular inklusive der von Ihnen dort angegebenen Kontaktdaten zwecks Bearbeitung der Anfrage<br \/>und f\u00fcr den Fall von Anschlussfragen bei uns gespeichert. Diese Daten geben wir nicht ohne Ihre<br \/>Einwilligung weiter.<\/p>\n<p>Die Verarbeitung dieser Daten erfolgt auf Grundlage von Art. 6 Abs. 1 lit. b DSGVO, sofern Ihre Anfrage mit<br \/>der Erf\u00fcllung eines Vertrags zusammenh\u00e4ngt oder zur Durchf\u00fchrung vorvertraglicher Ma\u00dfnahmen<br \/>erforderlich ist. In allen \u00fcbrigen F\u00e4llen beruht die Verarbeitung auf unserem berechtigten Interesse an der<br \/>effektiven Bearbeitung der an uns gerichteten Anfragen (Art. 6 Abs. 1 lit. f DSGVO) oder auf Ihrer<br \/>Einwilligung (Art. 6 Abs. 1 lit. a DSGVO) sofern diese abgefragt wurde.<\/p>\n<p>Die von Ihnen im Kontaktformular eingegebenen Daten verbleiben bei uns, bis Sie uns zur L\u00f6schung<br \/>auffordern, Ihre Einwilligung zur Speicherung widerrufen oder der Zweck f\u00fcr die Datenspeicherung entf\u00e4llt<br \/>(z. B. nach abgeschlossener Bearbeitung Ihrer Anfrage). Zwingende gesetzliche Bestimmungen \u2013<br \/>insbesondere Aufbewahrungsfristen \u2013 bleiben unber\u00fchrt.<\/p>\n<p><strong>Anfrage per E-Mail, Telefon oder Telefax<\/strong><br \/>Wenn Sie uns per E-Mail, Telefon oder Telefax kontaktieren, wird Ihre Anfrage inklusive aller daraus<br \/>hervorgehenden personenbezogenen Daten (Name, Anfrage) zum Zwecke der Bearbeitung Ihres Anliegens<br \/>bei uns gespeichert und verarbeitet. Diese Daten geben wir nicht ohne Ihre Einwilligung weiter.<\/p>\n<p>Die Verarbeitung dieser Daten erfolgt auf Grundlage von Art. 6 Abs. 1 lit. b DSGVO, sofern Ihre Anfrage mit<br \/>der Erf\u00fcllung eines Vertrags zusammenh\u00e4ngt oder zur Durchf\u00fchrung vorvertraglicher Ma\u00dfnahmen<br \/>erforderlich ist. In allen \u00fcbrigen F\u00e4llen beruht die Verarbeitung auf unserem berechtigten Interesse an der<br \/>effektiven Bearbeitung der an uns gerichteten Anfragen (Art. 6 Abs. 1 lit. f DSGVO) oder auf Ihrer<br \/>Einwilligung (Art. 6 Abs. 1 lit. a DSGVO) sofern diese abgefragt wurde.<\/p>\n<p>Die von Ihnen an uns per Kontaktanfragen \u00fcbersandten Daten verbleiben bei uns, bis Sie uns zur L\u00f6schung<br \/>auffordern, Ihre Einwilligung zur Speicherung widerrufen oder der Zweck f\u00fcr die Datenspeicherung entf\u00e4llt<br \/>(z. B. nach abgeschlossener Bearbeitung Ihres Anliegens). Zwingende gesetzliche Bestimmungen \u2013<br \/>insbesondere gesetzliche Aufbewahrungsfristen \u2013 bleiben unber\u00fchrt.<\/p>\n<h2>4. Plugins und Tools<\/h2>\n<p><strong>Google Web Fonts<\/strong><br \/>Diese Seite nutzt zur einheitlichen Darstellung von Schriftarten so genannte Web Fonts, die von Google<br \/>bereitgestellt werden. Beim Aufruf einer Seite l\u00e4dt Ihr Browser die ben\u00f6tigten Web Fonts in ihren<br \/>Browsercache, um Texte und Schriftarten korrekt anzuzeigen.<\/p>\n<p>Zu diesem Zweck muss der von Ihnen verwendete Browser Verbindung zu den Servern von Google<br \/>aufnehmen. Hierdurch erlangt Google Kenntnis dar\u00fcber, dass \u00fcber Ihre IP-Adresse diese Website<br \/>aufgerufen wurde. Die Nutzung von Google WebFonts erfolgt auf Grundlage von Art. 6 Abs. 1 lit. f DSGVO.<br \/>Der Websitebetreiber hat ein berechtigtes Interesse an der einheitlichen Darstellung des Schriftbildes auf<br \/>seiner Website. Sofern eine entsprechende Einwilligung abgefragt wurde (z. B. eine Einwilligung zur<br \/>Speicherung von Cookies), erfolgt die Verarbeitung ausschlie\u00dflich auf Grundlage von Art. 6 Abs. 1 lit. a<br \/>DSGVO; die Einwilligung ist jederzeit widerrufbar.<\/p>\n<p>Wenn Ihr Browser Web Fonts nicht unterst\u00fctzt, wird eine Standardschrift von Ihrem Computer genutzt.<\/p>\n<p>Weitere Informationen zu Google Web Fonts finden Sie unter<br \/><a href=\"https:\/\/developers.google.com\/fonts\/faq\">https:\/\/developers.google.com\/fonts\/faq<\/a> und in der Datenschutzerkl\u00e4rung von Google:<br \/><a href=\"https:\/\/policies.google.com\/privacy?hl=de\">https:\/\/policies.google.com\/privacy?hl=de<\/a>.<\/p>\n<p>Quelle:<br \/><a href=\"https:\/\/www.e-recht24.de\">https:\/\/www.e-recht24.de<\/a><\/p>\n<p>[\/et_pb_text][\/et_pb_column][\/et_pb_row][\/et_pb_section]<\/p>\n","protected":false},"excerpt":{"rendered":"<p>Datenschutzerkl\u00e4rung 1. Datenschutz auf einen Blick Allgemeine HinweiseDie folgenden Hinweise geben einen einfachen \u00dcberblick dar\u00fcber, was mit Ihren personenbezogenen Datenpassiert, wenn Sie diese Website besuchen. Personenbezogene Daten sind alle Daten, mit denen Siepers\u00f6nlich identifiziert werden k\u00f6nnen. Ausf\u00fchrliche Informationen zum Thema Datenschutz entnehmenSie unserer unter diesem Text aufgef\u00fchrten Datenschutzerkl\u00e4rung.Datenerfassung auf dieser Website Wer ist verantwortlich f\u00fcr [&hellip;]<\/p>\n","protected":false},"author":1,"featured_media":0,"parent":0,"menu_order":0,"comment_status":"closed","ping_status":"closed","template":"","meta":{"_et_pb_use_builder":"on","_et_pb_old_content":"","_et_gb_content_width":"","footnotes":""},"class_list":["post-43","page","type-page","status-publish","hentry"],"_links":{"self":[{"href":"https:\/\/artebio.de\/es\/wp-json\/wp\/v2\/pages\/43","targetHints":{"allow":["GET"]}}],"collection":[{"href":"https:\/\/artebio.de\/es\/wp-json\/wp\/v2\/pages"}],"about":[{"href":"https:\/\/artebio.de\/es\/wp-json\/wp\/v2\/types\/page"}],"author":[{"embeddable":true,"href":"https:\/\/artebio.de\/es\/wp-json\/wp\/v2\/users\/1"}],"replies":[{"embeddable":true,"href":"https:\/\/artebio.de\/es\/wp-json\/wp\/v2\/comments?post=43"}],"version-history":[{"count":4,"href":"https:\/\/artebio.de\/es\/wp-json\/wp\/v2\/pages\/43\/revisions"}],"predecessor-version":[{"id":331,"href":"https:\/\/artebio.de\/es\/wp-json\/wp\/v2\/pages\/43\/revisions\/331"}],"wp:attachment":[{"href":"https:\/\/artebio.de\/es\/wp-json\/wp\/v2\/media?parent=43"}],"curies":[{"name":"wp","href":"https:\/\/api.w.org\/{rel}","templated":true}]}}