{"id":14,"date":"2021-01-26T21:45:42","date_gmt":"2021-01-26T21:45:42","guid":{"rendered":"https:\/\/artebio.de\/?page_id=14"},"modified":"2021-02-04T00:31:47","modified_gmt":"2021-02-03T23:31:47","slug":"willkommen","status":"publish","type":"page","link":"https:\/\/artebio.de\/fr\/","title":{"rendered":"Bienvenue"},"content":{"rendered":"<p>[et_pb_section fb_built=&#8220;1&#8243; fullwidth=&#8220;on&#8220; _builder_version=&#8220;4.8.1&#8243; _module_preset=&#8220;default&#8220;][et_pb_fullwidth_image src=&#8220;https:\/\/artebio.de\/wp-content\/uploads\/2021\/02\/header_rotes_tor.jpg&#8220; title_text=&#8220;header_rotes_tor&#8220; _builder_version=&#8220;4.8.2&#8243; _module_preset=&#8220;default&#8220;][\/et_pb_fullwidth_image][\/et_pb_section][et_pb_section fb_built=&#8220;1&#8243; _builder_version=&#8220;4.8.1&#8243; _module_preset=&#8220;default&#8220; custom_padding=&#8220;||20px||false|false&#8220;][et_pb_row column_structure=&#8220;3_4,1_4&#8243; _builder_version=&#8220;4.8.2&#8243; _module_preset=&#8220;default&#8220;][et_pb_column type=&#8220;3_4&#8243; _builder_version=&#8220;4.8.2&#8243; _module_preset=&#8220;default&#8220;][et_pb_text _builder_version=&#8220;4.8.2&#8243; _module_preset=&#8220;default&#8220; hover_enabled=&#8220;0&#8243; sticky_enabled=&#8220;0&#8243;]<\/p>\n<p><span style=\"font-family: Lucida Sans, sans-serif;\"><span style=\"font-size: large;\"><b>Ich bin aus vollem Herzen \u00fcberzeugt von BIO&amp;\u00d6KO.<br \/><\/b><\/span><\/span><\/p>\n<p><span style=\"font-family: Lucida Sans, sans-serif;\"><span style=\"font-size: medium;\">Ich lasse mich leiten von ganzheitlichen Prinzipien, bei allem was ich tue, auch bei meinem bio-politischem Engagement.<br \/><\/span><\/span><\/p>\n<p><span style=\"font-family: Lucida Sans, sans-serif;\"><span style=\"font-size: medium;\">Meine Partner sind Marktbeteiligte, die wahrhaftige Bio-Produkte kreieren wollen.<\/span><\/span><\/p>\n<p>[\/et_pb_text][et_pb_text _builder_version=&#8220;4.8.2&#8243; _module_preset=&#8220;default&#8220;]<\/p>\n<p><span style=\"font-family: Lucida Sans, sans-serif;\"><span style=\"font-size: large;\"><b>Mein Unternehmen ist artebio<\/b><\/span><\/span> <br \/><span style=\"font-family: Lucida Sans, sans-serif;\"><span style=\"font-size: medium;\">arte hei\u00dft \u00fcbersetzt Kunst und Kunst erschafft Visionen. Gutes \u00d6ko ist f\u00fcr mich vision\u00e4r. Und es stellt eine Kunst dar, wahres Bio zu machen.<br \/><\/span><\/span><span style=\"font-family: Lucida Sans, sans-serif;\"><span style=\"font-size: medium;\">Die jeweiligen Themen der Bio-Welt erfasse und bearbeite ich auf kreative Art und Weise. Dabei kann ich auf Herausforderungen flexibel eingehen:<br \/><\/span><\/span><span style=\"font-family: Lucida Sans, sans-serif;\"><span style=\"font-size: medium;\">Z.B. wenn n\u00f6tig pedantisch agieren und wenn m\u00f6glich gro\u00dfz\u00fcgig.<\/span><\/span><\/p>\n<p>[\/et_pb_text][et_pb_text admin_label=&#8220;Text&#8220; _builder_version=&#8220;4.8.2&#8243; _module_preset=&#8220;default&#8220;]<\/p>\n<p><span style=\"font-family: Lucida Sans, sans-serif;\"><span style=\"font-size: large;\"><b>Seit 1997 begleite ich aktiv Bio-Unternehmen<\/b><\/span><\/span><br \/>In der operativen Gew\u00e4hrleistung von funktionierenden Lieferketten und bei der Herkunftssicherung.<br \/>In der \u00f6kologischen Optimierung ihres Beschaffungsmanagements und Vertriebs.<br \/>Auf regionaler, europ\u00e4ischer und teils weltweiter Ebene.<br \/>Vom Feld bis in die T\u00fcte, vom Rohstoff bis zum Markenprodukt, stets B to B.<br \/>Ich kommuniziere in Deutsch, Englisch, Franz\u00f6sisch und Spanisch verhandlungssicher.<\/p>\n<p>[\/et_pb_text][\/et_pb_column][et_pb_column type=&#8220;1_4&#8243; _builder_version=&#8220;4.8.2&#8243; _module_preset=&#8220;default&#8220;][et_pb_image src=&#8220;https:\/\/artebio.de\/wp-content\/uploads\/2021\/02\/startpage_right.jpg&#8220; _builder_version=&#8220;4.8.2&#8243; _module_preset=&#8220;default&#8220; custom_margin=&#8220;|||-25px|false|false&#8220;][\/et_pb_image][\/et_pb_column][\/et_pb_row][et_pb_row column_structure=&#8220;1_2,1_2&#8243; _builder_version=&#8220;4.8.2&#8243; _module_preset=&#8220;default&#8220; custom_margin=&#8220;||||false|false&#8220; custom_padding=&#8220;||||false|false&#8220;][et_pb_column type=&#8220;1_2&#8243; _builder_version=&#8220;4.8.1&#8243; _module_preset=&#8220;default&#8220;][et_pb_blurb title=&#8220;Mein Angebot &#8211; Unternehmensberatung&#8220; image=&#8220;https:\/\/artebio.de\/wp-content\/uploads\/2021\/01\/logo_start.jpg&#8220; icon_placement=&#8220;left&#8220; _builder_version=&#8220;4.8.2&#8243; _module_preset=&#8220;default&#8220; custom_padding=&#8220;|||0px||&#8220;]<\/p>\n<p><span style=\"font-family: Lucida Sans, sans-serif;\"><span style=\"font-size: medium;\">Ich unterst\u00fctze Sie und Ihr Team als Dienstleisterin bedarfsgerecht beratend.<br \/><\/span><\/span><span style=\"font-family: Lucida Sans, sans-serif;\"><span style=\"font-size: medium;\">Z.B. bei der Erstellung von Einkaufsstrategien.<br \/><\/span><\/span><span style=\"font-family: Lucida Sans, sans-serif;\"><span style=\"font-size: medium;\">Beim Evaluieren Ihres Lieferketten-Managements.<br \/><\/span><\/span><span style=\"font-family: Lucida Sans, sans-serif;\"><span style=\"font-size: medium;\">Auch wenn das eigene Team mit h\u00f6chster Expertise arbeitet, <\/span><\/span><span style=\"font-family: Lucida Sans, sans-serif;\"><span style=\"font-size: medium;\">bringt Sie ein externer Blick auf das Tun h\u00e4ufig weiter! <\/span><\/span><\/p>\n<p>[\/et_pb_blurb][\/et_pb_column][et_pb_column type=&#8220;1_2&#8243; _builder_version=&#8220;4.8.1&#8243; _module_preset=&#8220;default&#8220;][et_pb_blurb title=&#8220;Mein Angebot \u2013 Bio-Macher*innen begleiten&#8220; image=&#8220;https:\/\/artebio.de\/wp-content\/uploads\/2021\/01\/logo_start.jpg&#8220; icon_placement=&#8220;left&#8220; _builder_version=&#8220;4.8.2&#8243; _module_preset=&#8220;default&#8220;]<span style=\"font-family: Lucida Sans, sans-serif;\"><span style=\"font-size: medium;\">Ich biete Coaching, Transformations-Management sowie die Unterst\u00fctzung bei der Findung von Konflikt-L\u00f6sungen an: Unternehmensintern, und mit Ihren Lieferanten und Kunden.<br \/>\n<\/span><\/span><span style=\"font-family: Lucida Sans, sans-serif;\"><span style=\"font-size: medium;\">Weil ich wei\u00df, wie anspruchsvoll die Aufgabe ist, wirklich gutes Bio zu machen. Und wir alle menschlich sind.<\/span><\/span><br \/>\n<span style=\"font-family: Lucida Sans, sans-serif;\"><span style=\"font-size: medium;\">Erst recht in der aktuellen Hoch-Zeit, die Herausforderungen und Chancen birgt!<\/span><\/span>[\/et_pb_blurb][\/et_pb_column][\/et_pb_row][et_pb_row column_structure=&#8220;1_2,1_2&#8243; _builder_version=&#8220;4.8.2&#8243; _module_preset=&#8220;default&#8220; custom_margin=&#8220;||30px||false|false&#8220; custom_padding=&#8220;0px|0px|0px|0px|false|false&#8220;][et_pb_column type=&#8220;1_2&#8243; _builder_version=&#8220;4.8.2&#8243; _module_preset=&#8220;default&#8220;][et_pb_text _builder_version=&#8220;4.8.2&#8243; _module_preset=&#8220;default&#8220;]<\/p>\n<p><strong>Bei Fragen und Interesse lesen Sie gern weiter, <\/strong><strong>oder sprechen Sie mich gleich direkt an!<br \/><\/strong><br \/><strong>Herzlichst,<br \/>Alexandra Th\u00f6ring<br \/><\/strong><\/p>\n<p><strong>\u00a0<\/strong><\/p>\n<p>[\/et_pb_text][\/et_pb_column][et_pb_column type=&#8220;1_2&#8243; _builder_version=&#8220;4.8.2&#8243; _module_preset=&#8220;default&#8220;][\/et_pb_column][\/et_pb_row][\/et_pb_section]<\/p>\n","protected":false},"excerpt":{"rendered":"<p>Ich bin aus vollem Herzen \u00fcberzeugt von BIO&amp;\u00d6KO. Ich lasse mich leiten von ganzheitlichen Prinzipien, bei allem was ich tue, auch bei meinem bio-politischem Engagement. Meine Partner sind Marktbeteiligte, die wahrhaftige Bio-Produkte kreieren wollen.Mein Unternehmen ist artebio arte hei\u00dft \u00fcbersetzt Kunst und Kunst erschafft Visionen. Gutes \u00d6ko ist f\u00fcr mich vision\u00e4r. Und es stellt eine [&hellip;]<\/p>\n","protected":false},"author":1,"featured_media":0,"parent":0,"menu_order":0,"comment_status":"closed","ping_status":"closed","template":"","meta":{"_et_pb_use_builder":"on","_et_pb_old_content":"","_et_gb_content_width":"","footnotes":""},"class_list":["post-14","page","type-page","status-publish","hentry"],"_links":{"self":[{"href":"https:\/\/artebio.de\/fr\/wp-json\/wp\/v2\/pages\/14","targetHints":{"allow":["GET"]}}],"collection":[{"href":"https:\/\/artebio.de\/fr\/wp-json\/wp\/v2\/pages"}],"about":[{"href":"https:\/\/artebio.de\/fr\/wp-json\/wp\/v2\/types\/page"}],"author":[{"embeddable":true,"href":"https:\/\/artebio.de\/fr\/wp-json\/wp\/v2\/users\/1"}],"replies":[{"embeddable":true,"href":"https:\/\/artebio.de\/fr\/wp-json\/wp\/v2\/comments?post=14"}],"version-history":[{"count":48,"href":"https:\/\/artebio.de\/fr\/wp-json\/wp\/v2\/pages\/14\/revisions"}],"predecessor-version":[{"id":363,"href":"https:\/\/artebio.de\/fr\/wp-json\/wp\/v2\/pages\/14\/revisions\/363"}],"wp:attachment":[{"href":"https:\/\/artebio.de\/fr\/wp-json\/wp\/v2\/media?parent=14"}],"curies":[{"name":"wp","href":"https:\/\/api.w.org\/{rel}","templated":true}]}}