{"id":235,"date":"2021-02-02T19:35:56","date_gmt":"2021-02-02T18:35:56","guid":{"rendered":"https:\/\/artebio.de\/?page_id=235"},"modified":"2021-05-10T00:05:49","modified_gmt":"2021-05-09T22:05:49","slug":"begleitung-und-moderation-strategischer-veraenderungsprozesse","status":"publish","type":"page","link":"https:\/\/artebio.de\/fr\/begleitung-und-moderation-strategischer-veraenderungsprozesse\/","title":{"rendered":"Accompagnement au processus transformation"},"content":{"rendered":"<p>[et_pb_section fb_built=&#8220;1&#8243; fullwidth=&#8220;on&#8220; _builder_version=&#8220;4.8.1&#8243; _module_preset=&#8220;default&#8220;][et_pb_fullwidth_image src=&#8220;https:\/\/artebio.de\/wp-content\/uploads\/2021\/02\/header_rotes_tor.jpg&#8220; title_text=&#8220;header_rotes_tor&#8220; _builder_version=&#8220;4.8.2&#8243; _module_preset=&#8220;default&#8220;][\/et_pb_fullwidth_image][\/et_pb_section][et_pb_section fb_built=&#8220;1&#8243; _builder_version=&#8220;4.8.1&#8243; _module_preset=&#8220;default&#8220; custom_padding=&#8220;||20px||false|false&#8220;][et_pb_row _builder_version=&#8220;4.8.2&#8243; _module_preset=&#8220;default&#8220; custom_margin=&#8220;||||false|false&#8220; custom_padding=&#8220;|0px|0px|0px|false|false&#8220;][et_pb_column type=&#8220;4_4&#8243; _builder_version=&#8220;4.8.2&#8243; _module_preset=&#8220;default&#8220;][et_pb_post_title meta=&#8220;off&#8220; featured_image=&#8220;off&#8220; _builder_version=&#8220;4.8.2&#8243; _module_preset=&#8220;default&#8220; title_font=&#8220;||||||||&#8220; custom_padding=&#8220;||0px||false|false&#8220; hover_enabled=&#8220;0&#8243; sticky_enabled=&#8220;0&#8243;][\/et_pb_post_title][\/et_pb_column][\/et_pb_row][et_pb_row column_structure=&#8220;3_4,1_4&#8243; _builder_version=&#8220;4.8.2&#8243; _module_preset=&#8220;default&#8220;][et_pb_column type=&#8220;3_4&#8243; _builder_version=&#8220;4.8.2&#8243; _module_preset=&#8220;default&#8220;][et_pb_text admin_label=&#8220;Text&#8220; _builder_version=&#8220;4.9.4&#8243; _module_preset=&#8220;default&#8220; hover_enabled=&#8220;0&#8243; sticky_enabled=&#8220;0&#8243;]<\/p>\n<p><span style=\"color: #000000;\"><span style=\"font-family: Arial, monospace;\"><span style=\"font-size: medium;\">Haben Sie schon einmal die Erfahrung gemacht, wie externe Begleitung einer beruflich und privat erfahrenen Beraterin Sie in einem strategischen Prozess unterst\u00fctzen kann? In einer Ver\u00e4nderungssituation. In komplexen Zeiten. <\/span><\/span><\/span><\/p>\n<p><span style=\"color: #000000;\"><span style=\"font-family: Arial, monospace;\"><span style=\"font-size: medium;\">Meine Kompetenz in Beratung, Mediation und Coaching kann Ihnen dabei helfen!<\/span><\/span><\/span><\/p>\n<p><span style=\"color: #000000;\"><span style=\"font-family: Arial, monospace;\"><span style=\"font-size: medium;\">Durch meine engagierte T\u00e4tigkeit im regionalen und internationalen Bio-Markt verstehe ich die Herausforderungen der unternehmerischen Themenfelder.<\/span><\/span><\/span><\/p>\n<p><span style=\"color: #000000;\"><span style=\"font-family: Arial, monospace;\"><span style=\"font-size: medium;\">Wir arbeiten mit Ihrem Team, um es in Entscheidungsprozessen mitzunehmen. Wir f\u00fchren Gruppen zusammen, um an verschiedenen Problemstellungen zu arbeiten. Ich begleite einzelne Personen, die in Schl\u00fcsselpositionen t\u00e4tig sind oder Unterst\u00fctzung bei Ver\u00e4nderungsprozessen ben\u00f6tigen. <\/span><\/span><\/span><\/p>\n<p><span style=\"color: #000000;\"><span style=\"font-family: Arial, monospace;\"><span style=\"font-size: medium;\">Um allen in herausfordernden Zeiten Wertsch\u00e4tzung entgegenzubringen! Um Ihr Unternehmen in seiner Gesamtheit zu st\u00e4rken!<\/span><\/span><\/span><\/p>\n<p><strong><span style=\"color: #000000;\"><span style=\"font-family: Arial, monospace;\"><span style=\"font-size: medium;\">Sprechen Sie mich daf\u00fcr gern an!<\/span><\/span><\/span><\/strong><\/p>\n<p><span style=\"color: #000000;\"><span style=\"font-family: Arial, monospace;\"><span style=\"font-size: medium;\">All dies biete ich auch virtuell an &#8211; ich bin sehr ge\u00fcbt in Coaching &amp; Beratung per Video-Technik!<\/span><\/span><\/span><\/p>\n<h1 class=\"western\"><strong><span style=\"color: #000000;\"><span style=\"font-family: Arial, monospace;\"><span style=\"font-size: medium;\">Sich unterst\u00fctzt zu f\u00fchlen, kann Schwierigkeiten aufl\u00f6sen oder Wunder bewirken!<\/span><\/span><\/span><\/strong><\/h1>\n<p class=\"western\">[\/et_pb_text][\/et_pb_column][et_pb_column type=&#8220;1_4&#8243; _builder_version=&#8220;4.8.2&#8243; _module_preset=&#8220;default&#8220;][\/et_pb_column][\/et_pb_row][\/et_pb_section]<\/p>\n","protected":false},"excerpt":{"rendered":"<p>Haben Sie schon einmal die Erfahrung gemacht, wie externe Begleitung einer beruflich und privat erfahrenen Beraterin Sie in einem strategischen Prozess unterst\u00fctzen kann? In einer Ver\u00e4nderungssituation. In komplexen Zeiten. Meine Kompetenz in Beratung, Mediation und Coaching kann Ihnen dabei helfen! Durch meine engagierte T\u00e4tigkeit im regionalen und internationalen Bio-Markt verstehe ich die Herausforderungen der unternehmerischen [&hellip;]<\/p>\n","protected":false},"author":1,"featured_media":0,"parent":0,"menu_order":0,"comment_status":"closed","ping_status":"closed","template":"","meta":{"_et_pb_use_builder":"on","_et_pb_old_content":"","_et_gb_content_width":"","footnotes":""},"class_list":["post-235","page","type-page","status-publish","hentry"],"_links":{"self":[{"href":"https:\/\/artebio.de\/fr\/wp-json\/wp\/v2\/pages\/235","targetHints":{"allow":["GET"]}}],"collection":[{"href":"https:\/\/artebio.de\/fr\/wp-json\/wp\/v2\/pages"}],"about":[{"href":"https:\/\/artebio.de\/fr\/wp-json\/wp\/v2\/types\/page"}],"author":[{"embeddable":true,"href":"https:\/\/artebio.de\/fr\/wp-json\/wp\/v2\/users\/1"}],"replies":[{"embeddable":true,"href":"https:\/\/artebio.de\/fr\/wp-json\/wp\/v2\/comments?post=235"}],"version-history":[{"count":12,"href":"https:\/\/artebio.de\/fr\/wp-json\/wp\/v2\/pages\/235\/revisions"}],"predecessor-version":[{"id":564,"href":"https:\/\/artebio.de\/fr\/wp-json\/wp\/v2\/pages\/235\/revisions\/564"}],"wp:attachment":[{"href":"https:\/\/artebio.de\/fr\/wp-json\/wp\/v2\/media?parent=235"}],"curies":[{"name":"wp","href":"https:\/\/api.w.org\/{rel}","templated":true}]}}